{"id":187,"date":"2022-10-18T15:03:33","date_gmt":"2022-10-18T13:03:33","guid":{"rendered":"https:\/\/petrelluzzi.com\/?page_id=187"},"modified":"2022-10-18T15:51:56","modified_gmt":"2022-10-18T13:51:56","slug":"mentions-legales-et-conditions-generales-dutilisation","status":"publish","type":"page","link":"https:\/\/petrelluzzi.com\/index.php\/mentions-legales-et-conditions-generales-dutilisation\/","title":{"rendered":"Mentions l\u00e9gales et conditions g\u00e9n\u00e9rales d&rsquo;utilisation"},"content":{"rendered":"<p>[et_pb_section fb_built=\u00a0\u00bb1&Prime; _builder_version=\u00a0\u00bb4.18.0&Prime; _module_preset=\u00a0\u00bbdefault\u00a0\u00bb global_colors_info=\u00a0\u00bb{}\u00a0\u00bb][et_pb_row _builder_version=\u00a0\u00bb4.18.0&Prime; _module_preset=\u00a0\u00bbdefault\u00a0\u00bb global_colors_info=\u00a0\u00bb{}\u00a0\u00bb custom_padding=\u00a0\u00bb18px|||||\u00a0\u00bb][et_pb_column type=\u00a0\u00bb4_4&Prime; _builder_version=\u00a0\u00bb4.18.0&Prime; _module_preset=\u00a0\u00bbdefault\u00a0\u00bb global_colors_info=\u00a0\u00bb{}\u00a0\u00bb][et_pb_text _builder_version=\u00a0\u00bb4.18.0&Prime; _module_preset=\u00a0\u00bbdefault\u00a0\u00bb global_colors_info=\u00a0\u00bb{}\u00a0\u00bb sticky_enabled=\u00a0\u00bb0&Prime; ul_font=\u00a0\u00bb||||||||\u00a0\u00bb ul_font_size=\u00a0\u00bb15px\u00a0\u00bb ul_position=\u00a0\u00bbinside\u00a0\u00bb text_orientation=\u00a0\u00bbjustified\u00a0\u00bb]<\/p>\n<h1>Mentions L\u00e9gales et Conditions g\u00e9n\u00e9rales d&rsquo;utilisation<\/h1>\n<p class=\"style4\"><span><span class=\"style3\">Vous \u00eates connect\u00e9 au site www.petrelluzzi.com qui est \u00e9dit\u00e9 par Les assurances PETRELLUZZI, pour son propre compte et celui de ses filiales.\u00a0<\/span><\/span><span class=\"style3\"><\/span><span><\/span><span><br class=\"style3\" \/><\/span><span><\/span><span><span class=\"style3\">Les Assurances PETRELLUZZI ont\u00a0\u00a0pour but de vous informer\u00a0<\/span><span class=\"style3\">sur les produits que nous proposons dans nos agences. Il permet \u00e9galement de vous aider dans vos recherches de solutions d&rsquo;assurances et de prendre contact avec un de nos conseillers.<br \/>Le cabinet ASSURANCES PETRELLUZZI exerce comme courtier en assurance conform\u00e9m\u00e9nt aux dispositions de l&rsquo;article L520-1-2-b. La liste des compagnies ou courtiers grossistes avec lesquels nous travaillons est \u00e0 votre disposition sur simple demande.<\/span><\/span><\/p>\n<ul>\n<li><u><span class=\"style3\">Informations \u00e9diteur<span>\u00a0<\/span><\/span><\/u><span class=\"style3\">:<\/span><\/li>\n<\/ul>\n<p class=\"auto-style4\">SARL ASSURANCES PETRELLUZZI<\/p>\n<p><span class=\"style3\">Courtage d\u2019assurance\u00a0:<span>\u00a0<\/span><\/span><span class=\"style3\">N\u00b0 ORIAS 07 031 193<span>\u00a0<\/span><\/span><span class=\"style3\">&#8211; www.orias.fr<br \/><\/span><u><span class=\"style3\">Si\u00e8ge social<span>\u00a0<\/span><\/span><\/u><span class=\"style3\">: Lot Vince Arnouville 97170 PETIT-BOURG<\/span><span><br class=\"style3\" \/><\/span><span><span class=\"style3\">Adresse postale: B.P.2280 &#8211; 97197 JARRY CEDEX<br \/><\/span><u><span class=\"style3\">T\u00e9l<\/span><\/u><u><span class=\"style3\">\u00a0:\u00a0\u00a0<\/span><\/u><span class=\"style3\">05.90.86.87.84<\/span><\/span><\/p>\n<p><u><span class=\"style3\">Mail<\/span><\/u><span class=\"style3\"><span>\u00a0<\/span>:<span>\u00a0<\/span><a href=\"mailto:info@petrelluzzi.com\"><span class=\"auto-style2\">info@petrelluzzi.com<\/span><\/a><\/span><\/p>\n<p><span class=\"style3\">Sous le contr\u00f4le de l\u2019ACPR,<span>\u00a0<\/span><\/span><span><span class=\"style3\">Autorit\u00e9 de Contr\u00f4le Prudentiel et de R\u00e9solution &#8211; 61, rue Taitbout 75009 Paris -www.acp.banque-france.fr<\/span><br class=\"style3\" \/><span class=\"style3\">Garantie financi\u00e8re et assurance de responsabilit\u00e9 civile professionnelle conforme aux articles L.530.1 et L.530.2 du code des assurances.<\/span><\/span><\/p>\n<p><span class=\"style3\">Directeur de la publication<span>\u00a0<\/span><\/span><span class=\"style3\">: Eric PETRELLUZZI , G\u00e9rant des Assurances PETRELLUZZI<br \/><\/span><span><span class=\"style3\">H\u00e9bergeur du site<\/span><span class=\"style3\">\u00a0:\u00a0AWACS 20-22 rue des Petits Hotels 75 010 PARIS FRANCE<br \/>Assurance de Responsabilit\u00e9 Civile Professionnelle et Garantie Financi\u00e8re conformes au Code des assurances<br \/>SARL au capital de 120.300\u00a0 \u20ac &#8211; R.C.S. de Pointe-a-Pitre sous le num\u00e9ro\u00a0<\/span><span class=\"style3\">B 495 037 962 &#8211; APE 6622 Z<\/span><\/span><\/p>\n<ul>\n<li><u><span class=\"style3\">Responsabilit\u00e9 :<\/span><\/u><\/li>\n<\/ul>\n<p><span class=\"style3\">L&rsquo;information communiqu\u00e9e sur ce site est donn\u00e9e \u00e0 titre indicatif et g\u00e9n\u00e9ral. Les assurances PETRELLUZZI s&rsquo;efforcent d&rsquo;en assurer l&rsquo;exactitude et la mise \u00e0 jour r\u00e9guli\u00e8re mais ne peut cependant en garantir l&rsquo;exhaustivit\u00e9 et se r\u00e9serve le droit d&rsquo;en corriger le contenu \u00e0 tout moment et sans pr\u00e9avis. En outre, il d\u00e9cline toute responsabilit\u00e9 en cas d&rsquo;erreur ou d&rsquo;omission dans ces informations.<\/span><span><br class=\"style3\" \/><\/span><span><span class=\"style3\">Toute information relative \u00e0 un produit ou service, n&rsquo;a qu&rsquo;une valeur informative et ne saurait constituer en aucune mani\u00e8re une offre ferme et d\u00e9finitive des Assurances PETRELLUZZI.\u00a0<\/span><\/span><\/p>\n<p>[\/et_pb_text][\/et_pb_column][\/et_pb_row][\/et_pb_section]<\/p>\n","protected":false},"excerpt":{"rendered":"<p>Mentions L\u00e9gales et Conditions g\u00e9n\u00e9rales d&rsquo;utilisation Vous \u00eates connect\u00e9 au site www.petrelluzzi.com qui est \u00e9dit\u00e9 par Les assurances PETRELLUZZI, pour son propre compte et celui de ses filiales.\u00a0Les Assurances PETRELLUZZI ont\u00a0\u00a0pour but de vous informer\u00a0sur les produits que nous proposons dans nos agences. Il permet \u00e9galement de vous aider dans vos recherches de solutions d&rsquo;assurances [&hellip;]<\/p>\n","protected":false},"author":1,"featured_media":0,"parent":0,"menu_order":0,"comment_status":"closed","ping_status":"closed","template":"","meta":{"_et_pb_use_builder":"on","_et_pb_old_content":"","_et_gb_content_width":"","footnotes":""},"class_list":["post-187","page","type-page","status-publish","hentry"],"yoast_head":"<!-- This site is optimized with the Yoast SEO plugin v27.4 - https:\/\/yoast.com\/product\/yoast-seo-wordpress\/ -->\n<title>Mentions l\u00e9gales et conditions g\u00e9n\u00e9rales d&#039;utilisation - Assurances Petrelluzzi<\/title>\n<meta name=\"robots\" content=\"index, follow, max-snippet:-1, max-image-preview:large, max-video-preview:-1\" \/>\n<link rel=\"canonical\" href=\"https:\/\/petrelluzzi.com\/index.php\/mentions-legales-et-conditions-generales-dutilisation\/\" \/>\n<meta property=\"og:locale\" content=\"fr_FR\" \/>\n<meta property=\"og:type\" content=\"article\" \/>\n<meta property=\"og:title\" content=\"Mentions l\u00e9gales et conditions g\u00e9n\u00e9rales d&#039;utilisation - Assurances Petrelluzzi\" \/>\n<meta property=\"og:description\" content=\"Mentions L\u00e9gales et Conditions g\u00e9n\u00e9rales d&#039;utilisation Vous \u00eates connect\u00e9 au site www.petrelluzzi.com qui est \u00e9dit\u00e9 par Les assurances PETRELLUZZI, pour son propre compte et celui de ses filiales.\u00a0Les Assurances PETRELLUZZI ont\u00a0\u00a0pour but de vous informer\u00a0sur les produits que nous proposons dans nos agences. Il permet \u00e9galement de vous aider dans vos recherches de solutions d&#039;assurances [&hellip;]\" \/>\n<meta property=\"og:url\" content=\"https:\/\/petrelluzzi.com\/index.php\/mentions-legales-et-conditions-generales-dutilisation\/\" \/>\n<meta property=\"og:site_name\" content=\"Assurances Petrelluzzi\" \/>\n<meta property=\"article:modified_time\" content=\"2022-10-18T13:51:56+00:00\" \/>\n<meta name=\"twitter:card\" content=\"summary_large_image\" \/>\n<script type=\"application\/ld+json\" class=\"yoast-schema-graph\">{\"@context\":\"https:\\\/\\\/schema.org\",\"@graph\":[{\"@type\":\"WebPage\",\"@id\":\"https:\\\/\\\/petrelluzzi.com\\\/index.php\\\/mentions-legales-et-conditions-generales-dutilisation\\\/\",\"url\":\"https:\\\/\\\/petrelluzzi.com\\\/index.php\\\/mentions-legales-et-conditions-generales-dutilisation\\\/\",\"name\":\"Mentions l\u00e9gales et conditions g\u00e9n\u00e9rales d'utilisation - Assurances Petrelluzzi\",\"isPartOf\":{\"@id\":\"https:\\\/\\\/petrelluzzi.com\\\/#website\"},\"datePublished\":\"2022-10-18T13:03:33+00:00\",\"dateModified\":\"2022-10-18T13:51:56+00:00\",\"breadcrumb\":{\"@id\":\"https:\\\/\\\/petrelluzzi.com\\\/index.php\\\/mentions-legales-et-conditions-generales-dutilisation\\\/#breadcrumb\"},\"inLanguage\":\"fr-FR\",\"potentialAction\":[{\"@type\":\"ReadAction\",\"target\":[\"https:\\\/\\\/petrelluzzi.com\\\/index.php\\\/mentions-legales-et-conditions-generales-dutilisation\\\/\"]}]},{\"@type\":\"BreadcrumbList\",\"@id\":\"https:\\\/\\\/petrelluzzi.com\\\/index.php\\\/mentions-legales-et-conditions-generales-dutilisation\\\/#breadcrumb\",\"itemListElement\":[{\"@type\":\"ListItem\",\"position\":1,\"name\":\"Accueil\",\"item\":\"https:\\\/\\\/petrelluzzi.com\\\/\"},{\"@type\":\"ListItem\",\"position\":2,\"name\":\"Mentions l\u00e9gales et conditions g\u00e9n\u00e9rales d&rsquo;utilisation\"}]},{\"@type\":\"WebSite\",\"@id\":\"https:\\\/\\\/petrelluzzi.com\\\/#website\",\"url\":\"https:\\\/\\\/petrelluzzi.com\\\/\",\"name\":\"Assurances Petrelluzzi\",\"description\":\"Courtier en Assurances,\u00a0pr\u00e9sent depuis plus de\u00a030 ans\u00a0aux Antilles,\u00a0Les Assurances PETRELLUZZI vous apportent\u00a0des solutions adapt\u00e9es et performantes afin de prot\u00e9ger votre famille, vos biens et votre activit\u00e9.\",\"publisher\":{\"@id\":\"https:\\\/\\\/petrelluzzi.com\\\/#organization\"},\"potentialAction\":[{\"@type\":\"SearchAction\",\"target\":{\"@type\":\"EntryPoint\",\"urlTemplate\":\"https:\\\/\\\/petrelluzzi.com\\\/?s={search_term_string}\"},\"query-input\":{\"@type\":\"PropertyValueSpecification\",\"valueRequired\":true,\"valueName\":\"search_term_string\"}}],\"inLanguage\":\"fr-FR\"},{\"@type\":\"Organization\",\"@id\":\"https:\\\/\\\/petrelluzzi.com\\\/#organization\",\"name\":\"Assurances Petrelluzzi\",\"url\":\"https:\\\/\\\/petrelluzzi.com\\\/\",\"logo\":{\"@type\":\"ImageObject\",\"inLanguage\":\"fr-FR\",\"@id\":\"https:\\\/\\\/petrelluzzi.com\\\/#\\\/schema\\\/logo\\\/image\\\/\",\"url\":\"https:\\\/\\\/petrelp.cluster029.hosting.ovh.net\\\/wp-content\\\/uploads\\\/2022\\\/07\\\/cropped-Favicon-Assurances-Petrelluzzi.png\",\"contentUrl\":\"https:\\\/\\\/petrelp.cluster029.hosting.ovh.net\\\/wp-content\\\/uploads\\\/2022\\\/07\\\/cropped-Favicon-Assurances-Petrelluzzi.png\",\"width\":512,\"height\":512,\"caption\":\"Assurances Petrelluzzi\"},\"image\":{\"@id\":\"https:\\\/\\\/petrelluzzi.com\\\/#\\\/schema\\\/logo\\\/image\\\/\"}}]}<\/script>\n<!-- \/ Yoast SEO plugin. -->","yoast_head_json":{"title":"Mentions l\u00e9gales et conditions g\u00e9n\u00e9rales d'utilisation - Assurances Petrelluzzi","robots":{"index":"index","follow":"follow","max-snippet":"max-snippet:-1","max-image-preview":"max-image-preview:large","max-video-preview":"max-video-preview:-1"},"canonical":"https:\/\/petrelluzzi.com\/index.php\/mentions-legales-et-conditions-generales-dutilisation\/","og_locale":"fr_FR","og_type":"article","og_title":"Mentions l\u00e9gales et conditions g\u00e9n\u00e9rales d'utilisation - Assurances Petrelluzzi","og_description":"Mentions L\u00e9gales et Conditions g\u00e9n\u00e9rales d'utilisation Vous \u00eates connect\u00e9 au site www.petrelluzzi.com qui est \u00e9dit\u00e9 par Les assurances PETRELLUZZI, pour son propre compte et celui de ses filiales.\u00a0Les Assurances PETRELLUZZI ont\u00a0\u00a0pour but de vous informer\u00a0sur les produits que nous proposons dans nos agences. Il permet \u00e9galement de vous aider dans vos recherches de solutions d'assurances [&hellip;]","og_url":"https:\/\/petrelluzzi.com\/index.php\/mentions-legales-et-conditions-generales-dutilisation\/","og_site_name":"Assurances Petrelluzzi","article_modified_time":"2022-10-18T13:51:56+00:00","twitter_card":"summary_large_image","schema":{"@context":"https:\/\/schema.org","@graph":[{"@type":"WebPage","@id":"https:\/\/petrelluzzi.com\/index.php\/mentions-legales-et-conditions-generales-dutilisation\/","url":"https:\/\/petrelluzzi.com\/index.php\/mentions-legales-et-conditions-generales-dutilisation\/","name":"Mentions l\u00e9gales et conditions g\u00e9n\u00e9rales d'utilisation - Assurances Petrelluzzi","isPartOf":{"@id":"https:\/\/petrelluzzi.com\/#website"},"datePublished":"2022-10-18T13:03:33+00:00","dateModified":"2022-10-18T13:51:56+00:00","breadcrumb":{"@id":"https:\/\/petrelluzzi.com\/index.php\/mentions-legales-et-conditions-generales-dutilisation\/#breadcrumb"},"inLanguage":"fr-FR","potentialAction":[{"@type":"ReadAction","target":["https:\/\/petrelluzzi.com\/index.php\/mentions-legales-et-conditions-generales-dutilisation\/"]}]},{"@type":"BreadcrumbList","@id":"https:\/\/petrelluzzi.com\/index.php\/mentions-legales-et-conditions-generales-dutilisation\/#breadcrumb","itemListElement":[{"@type":"ListItem","position":1,"name":"Accueil","item":"https:\/\/petrelluzzi.com\/"},{"@type":"ListItem","position":2,"name":"Mentions l\u00e9gales et conditions g\u00e9n\u00e9rales d&rsquo;utilisation"}]},{"@type":"WebSite","@id":"https:\/\/petrelluzzi.com\/#website","url":"https:\/\/petrelluzzi.com\/","name":"Assurances Petrelluzzi","description":"Courtier en Assurances,\u00a0pr\u00e9sent depuis plus de\u00a030 ans\u00a0aux Antilles,\u00a0Les Assurances PETRELLUZZI vous apportent\u00a0des solutions adapt\u00e9es et performantes afin de prot\u00e9ger votre famille, vos biens et votre activit\u00e9.","publisher":{"@id":"https:\/\/petrelluzzi.com\/#organization"},"potentialAction":[{"@type":"SearchAction","target":{"@type":"EntryPoint","urlTemplate":"https:\/\/petrelluzzi.com\/?s={search_term_string}"},"query-input":{"@type":"PropertyValueSpecification","valueRequired":true,"valueName":"search_term_string"}}],"inLanguage":"fr-FR"},{"@type":"Organization","@id":"https:\/\/petrelluzzi.com\/#organization","name":"Assurances Petrelluzzi","url":"https:\/\/petrelluzzi.com\/","logo":{"@type":"ImageObject","inLanguage":"fr-FR","@id":"https:\/\/petrelluzzi.com\/#\/schema\/logo\/image\/","url":"https:\/\/petrelp.cluster029.hosting.ovh.net\/wp-content\/uploads\/2022\/07\/cropped-Favicon-Assurances-Petrelluzzi.png","contentUrl":"https:\/\/petrelp.cluster029.hosting.ovh.net\/wp-content\/uploads\/2022\/07\/cropped-Favicon-Assurances-Petrelluzzi.png","width":512,"height":512,"caption":"Assurances Petrelluzzi"},"image":{"@id":"https:\/\/petrelluzzi.com\/#\/schema\/logo\/image\/"}}]}},"_links":{"self":[{"href":"https:\/\/petrelluzzi.com\/index.php\/wp-json\/wp\/v2\/pages\/187","targetHints":{"allow":["GET"]}}],"collection":[{"href":"https:\/\/petrelluzzi.com\/index.php\/wp-json\/wp\/v2\/pages"}],"about":[{"href":"https:\/\/petrelluzzi.com\/index.php\/wp-json\/wp\/v2\/types\/page"}],"author":[{"embeddable":true,"href":"https:\/\/petrelluzzi.com\/index.php\/wp-json\/wp\/v2\/users\/1"}],"replies":[{"embeddable":true,"href":"https:\/\/petrelluzzi.com\/index.php\/wp-json\/wp\/v2\/comments?post=187"}],"version-history":[{"count":5,"href":"https:\/\/petrelluzzi.com\/index.php\/wp-json\/wp\/v2\/pages\/187\/revisions"}],"predecessor-version":[{"id":214,"href":"https:\/\/petrelluzzi.com\/index.php\/wp-json\/wp\/v2\/pages\/187\/revisions\/214"}],"wp:attachment":[{"href":"https:\/\/petrelluzzi.com\/index.php\/wp-json\/wp\/v2\/media?parent=187"}],"curies":[{"name":"wp","href":"https:\/\/api.w.org\/{rel}","templated":true}]}}